{"id":570,"date":"2026-01-14T08:48:41","date_gmt":"2026-01-14T08:48:41","guid":{"rendered":"http:\/\/instalacions.planetaries.cat\/?page_id=570"},"modified":"2026-02-06T08:34:07","modified_gmt":"2026-02-06T08:34:07","slug":"politica-de-privacitat","status":"publish","type":"page","link":"https:\/\/tavernagrive.cat\/es\/politica-de-privacitat\/","title":{"rendered":"Pol\u00edtica de privacidad"},"content":{"rendered":"<h2 data-start=\"317\" data-end=\"350\">1. Responsable del tratamiento<\/h2>\n<p data-start=\"351\" data-end=\"567\">En cumplimiento del Reglamento (UE) 2016\/679 (RGPD) y de la normativa vigente en materia de protecci\u00f3n de datos, se informa que el responsable del tratamiento de los datos personales recogidos a trav\u00e9s de este sitio web es:<\/p>\n<ul>\n<li data-start=\"351\" data-end=\"567\"><strong data-start=\"571\" data-end=\"583\">Empresa:<\/strong> La Taverna de Griv\u00e9, SL<\/li>\n<li data-start=\"351\" data-end=\"567\"><strong data-start=\"614\" data-end=\"622\">NIF:<\/strong> B62628680<\/li>\n<li data-start=\"351\" data-end=\"567\"><strong data-start=\"637\" data-end=\"648\">Direcci\u00f3n:<\/strong> C\/ Josep Ma. de Segarra, 98, 08402 \u2013 Granollers (Barcelona)<\/li>\n<li data-start=\"351\" data-end=\"567\"><strong data-start=\"713\" data-end=\"735\">Correo electr\u00f3nico:<\/strong> <a class=\"decorated-link cursor-pointer\" rel=\"noopener\" data-start=\"736\" data-end=\"760\">tavernagrive@movistar.es<\/a><\/li>\n<li data-start=\"351\" data-end=\"567\"><strong data-start=\"765\" data-end=\"777\">Tel\u00e9fono:<\/strong> +34 93 849 57 83<\/li>\n<li data-start=\"351\" data-end=\"567\"><strong data-start=\"799\" data-end=\"807\">Web:<\/strong> <a class=\"decorated-link\" href=\"https:\/\/tavernagrive.cat\/es\/\" target=\"_new\" rel=\"noopener\" data-start=\"808\" data-end=\"832\">https:\/\/www.tavernagrive.cat\/<\/a><\/li>\n<\/ul>\n<p>&nbsp;<\/p>\n<hr data-start=\"836\" data-end=\"839\" \/>\n<h2 data-start=\"841\" data-end=\"879\">2. Datos personales que se recogen<\/h2>\n<p data-start=\"880\" data-end=\"936\">Este sitio web puede recoger datos personales mediante:<\/p>\n<ul>\n<li data-start=\"880\" data-end=\"936\">Formularios de contacto<\/li>\n<li data-start=\"880\" data-end=\"936\">Env\u00edo de correos electr\u00f3nicos<\/li>\n<li data-start=\"880\" data-end=\"936\">Llamadas telef\u00f3nicas<\/li>\n<\/ul>\n<p data-start=\"1022\" data-end=\"1177\">Los datos recogidos pueden incluir: nombre, direcci\u00f3n de correo electr\u00f3nico, n\u00famero de tel\u00e9fono y cualquier otra informaci\u00f3n que el usuario facilite voluntariamente.<\/p>\n<hr data-start=\"1179\" data-end=\"1182\" \/>\n<h2 data-start=\"1184\" data-end=\"1215\">3. Finalidad del tratamiento<\/h2>\n<p data-start=\"1216\" data-end=\"1277\">Los datos personales se tratar\u00e1n con las siguientes finalidades:<\/p>\n<ul>\n<li data-start=\"1216\" data-end=\"1277\">Atender consultas o solicitudes de informaci\u00f3n<\/li>\n<li data-start=\"1216\" data-end=\"1277\">Gestionar comunicaciones con los usuarios<\/li>\n<li data-start=\"1216\" data-end=\"1277\">Prestar los servicios solicitados<\/li>\n<li data-start=\"1216\" data-end=\"1277\">Cumplir obligaciones legales aplicables<\/li>\n<\/ul>\n<p>&nbsp;<\/p>\n<hr data-start=\"1444\" data-end=\"1447\" \/>\n<h2 data-start=\"1449\" data-end=\"1481\">4. Base legal del tratamiento<\/h2>\n<p data-start=\"1482\" data-end=\"1530\">La base legal para el tratamiento de los datos es:<\/p>\n<ul>\n<li data-start=\"1482\" data-end=\"1530\">El <strong data-start=\"1536\" data-end=\"1564\">consentimiento del usuario<\/strong>, otorgado al enviar un formulario o contactar voluntariamente<\/li>\n<li data-start=\"1482\" data-end=\"1530\">El <strong data-start=\"1629\" data-end=\"1664\">cumplimiento de obligaciones legales<\/strong><\/li>\n<li data-start=\"1482\" data-end=\"1530\">El\u2019<strong data-start=\"1669\" data-end=\"1688\">inter\u00e9s leg\u00edtimo<\/strong> para atender consultas y comunicaciones comerciales leg\u00edtimas<\/li>\n<\/ul>\n<p>&nbsp;<\/p>\n<hr data-start=\"1749\" data-end=\"1752\" \/>\n<h2 data-start=\"1754\" data-end=\"1785\">5. Conservaci\u00f3n de los datos<\/h2>\n<p data-start=\"1786\" data-end=\"1965\">Los datos personales se conservar\u00e1n durante el tiempo necesario para cumplir con la finalidad para la que fueron recogidos y, posteriormente, durante los plazos legalmente exigidos.<\/p>\n<hr data-start=\"1967\" data-end=\"1970\" \/>\n<h2 data-start=\"1972\" data-end=\"2009\">6. Comunicaci\u00f3n de datos a terceros<\/h2>\n<p data-start=\"2010\" data-end=\"2145\">No se ceder\u00e1n datos personales a terceros, salvo por obligaci\u00f3n legal o cuando sea estrictamente necesario para la prestaci\u00f3n del servicio.<\/p>\n<hr data-start=\"2147\" data-end=\"2150\" \/>\n<h2 data-start=\"2152\" data-end=\"2176\">7. Derechos del usuario<\/h2>\n<p data-start=\"2177\" data-end=\"2217\">El usuario puede ejercer los siguientes derechos:<\/p>\n<ul>\n<li data-start=\"2177\" data-end=\"2217\">Acceso<\/li>\n<li data-start=\"2177\" data-end=\"2217\">Rectificaci\u00f3n<\/li>\n<li data-start=\"2177\" data-end=\"2217\">Supresi\u00f3n<\/li>\n<li data-start=\"2177\" data-end=\"2217\">Oposici\u00f3n<\/li>\n<li data-start=\"2177\" data-end=\"2217\">Limitaci\u00f3n del tratamiento<\/li>\n<li data-start=\"2177\" data-end=\"2217\">Portabilidad de los datos<\/li>\n<\/ul>\n<p data-start=\"2320\" data-end=\"2435\">Mediante una solicitud escrita en <strong data-start=\"2357\" data-end=\"2385\"><a class=\"decorated-link cursor-pointer\" rel=\"noopener\" data-start=\"2359\" data-end=\"2383\">tavernagrive@movistar.es<\/a><\/strong>, adjuntando una copia de un documento identificativo.<\/p>\n<hr data-start=\"2437\" data-end=\"2440\" \/>\n<h2 data-start=\"2442\" data-end=\"2469\">8. Medidas de seguridad<\/h2>\n<p data-start=\"2470\" data-end=\"2622\">La Taverna d&#039;en Griv\u00e9, SL adopta las medidas t\u00e9cnicas y organizativas necesarias para garantizar la seguridad y confidencialidad de los datos personales.<\/p>\n<hr data-start=\"2624\" data-end=\"2627\" \/>\n<h2 data-start=\"2629\" data-end=\"2671\">9. Cambios en la pol\u00edtica de privacidad<\/h2>\n<p data-start=\"2672\" data-end=\"2802\">El responsable se reserva el derecho a modificar la presente pol\u00edtica para adaptarla a novedades legislativas o cambios en el sitio web.<\/p>","protected":false},"excerpt":{"rendered":"<p>1. Responsable del tractament En compliment del Reglament (UE) 2016\/679 (RGPD) i de la normativa vigent en mat\u00e8ria de protecci\u00f3 de dades, s\u2019informa que el responsable del tractament de les dades personals recollides a trav\u00e9s d\u2019aquest lloc web \u00e9s: Empresa: La Taverna d\u2019en Griv\u00e9, SL NIF: B62628680 Adre\u00e7a: C\/ Josep Ma. de Segarra, 98, 08402 [&hellip;]<\/p>\n","protected":false},"author":2,"featured_media":0,"parent":0,"menu_order":0,"comment_status":"closed","ping_status":"closed","template":"page-legal.php","meta":{"_acf_changed":false,"footnotes":""},"class_list":["post-570","page","type-page","status-publish","hentry"],"acf":[],"yoast_head":"<!-- This site is optimized with the Yoast SEO plugin v27.6 - https:\/\/yoast.com\/product\/yoast-seo-wordpress\/ -->\n<title>Pol\u00edtica de privacitat - La Taverna d&#039;en Griv\u00e9<\/title>\n<meta name=\"robots\" content=\"index, follow, max-snippet:-1, max-image-preview:large, max-video-preview:-1\" \/>\n<link rel=\"canonical\" href=\"https:\/\/tavernagrive.cat\/es\/politica-de-privacitat\/\" \/>\n<meta property=\"og:locale\" content=\"es_ES\" \/>\n<meta property=\"og:type\" content=\"article\" \/>\n<meta property=\"og:title\" content=\"Pol\u00edtica de privacitat - La Taverna d&#039;en Griv\u00e9\" \/>\n<meta property=\"og:description\" content=\"1. Responsable del tractament En compliment del Reglament (UE) 2016\/679 (RGPD) i de la normativa vigent en mat\u00e8ria de protecci\u00f3 de dades, s\u2019informa que el responsable del tractament de les dades personals recollides a trav\u00e9s d\u2019aquest lloc web \u00e9s: Empresa: La Taverna d\u2019en Griv\u00e9, SL NIF: B62628680 Adre\u00e7a: C\/ Josep Ma. de Segarra, 98, 08402 [&hellip;]\" \/>\n<meta property=\"og:url\" content=\"https:\/\/tavernagrive.cat\/es\/politica-de-privacitat\/\" \/>\n<meta property=\"og:site_name\" content=\"La Taverna d&#039;en Griv\u00e9\" \/>\n<meta property=\"article:modified_time\" content=\"2026-02-06T08:34:07+00:00\" \/>\n<meta name=\"twitter:card\" content=\"summary_large_image\" \/>\n<meta name=\"twitter:label1\" content=\"Tiempo de lectura\" \/>\n\t<meta name=\"twitter:data1\" content=\"2 minutos\" \/>\n<script type=\"application\/ld+json\" class=\"yoast-schema-graph\">{\"@context\":\"https:\\\/\\\/schema.org\",\"@graph\":[{\"@type\":\"WebPage\",\"@id\":\"https:\\\/\\\/tavernagrive.cat\\\/politica-de-privacitat\\\/\",\"url\":\"https:\\\/\\\/tavernagrive.cat\\\/politica-de-privacitat\\\/\",\"name\":\"Pol\u00edtica de privacitat - La Taverna d&#039;en Griv\u00e9\",\"isPartOf\":{\"@id\":\"https:\\\/\\\/tavernagrive.cat\\\/#website\"},\"datePublished\":\"2026-01-14T08:48:41+00:00\",\"dateModified\":\"2026-02-06T08:34:07+00:00\",\"breadcrumb\":{\"@id\":\"https:\\\/\\\/tavernagrive.cat\\\/politica-de-privacitat\\\/#breadcrumb\"},\"inLanguage\":\"es\",\"potentialAction\":[{\"@type\":\"ReadAction\",\"target\":[\"https:\\\/\\\/tavernagrive.cat\\\/politica-de-privacitat\\\/\"]}]},{\"@type\":\"BreadcrumbList\",\"@id\":\"https:\\\/\\\/tavernagrive.cat\\\/politica-de-privacitat\\\/#breadcrumb\",\"itemListElement\":[{\"@type\":\"ListItem\",\"position\":1,\"name\":\"Portada\",\"item\":\"https:\\\/\\\/tavernagrive.cat\\\/\"},{\"@type\":\"ListItem\",\"position\":2,\"name\":\"Pol\u00edtica de privacitat\"}]},{\"@type\":\"WebSite\",\"@id\":\"https:\\\/\\\/tavernagrive.cat\\\/#website\",\"url\":\"https:\\\/\\\/tavernagrive.cat\\\/\",\"name\":\"La Taverna d&#039;en Griv\u00e9\",\"description\":\"Cuina de temporada, proximitat i passi\u00f3 a Granollers\",\"potentialAction\":[{\"@type\":\"SearchAction\",\"target\":{\"@type\":\"EntryPoint\",\"urlTemplate\":\"https:\\\/\\\/tavernagrive.cat\\\/?s={search_term_string}\"},\"query-input\":{\"@type\":\"PropertyValueSpecification\",\"valueRequired\":true,\"valueName\":\"search_term_string\"}}],\"inLanguage\":\"es\"}]}<\/script>\n<!-- \/ Yoast SEO plugin. -->","yoast_head_json":{"title":"Pol\u00edtica de privacitat - La Taverna d&#039;en Griv\u00e9","robots":{"index":"index","follow":"follow","max-snippet":"max-snippet:-1","max-image-preview":"max-image-preview:large","max-video-preview":"max-video-preview:-1"},"canonical":"https:\/\/tavernagrive.cat\/es\/politica-de-privacitat\/","og_locale":"es_ES","og_type":"article","og_title":"Pol\u00edtica de privacitat - La Taverna d&#039;en Griv\u00e9","og_description":"1. Responsable del tractament En compliment del Reglament (UE) 2016\/679 (RGPD) i de la normativa vigent en mat\u00e8ria de protecci\u00f3 de dades, s\u2019informa que el responsable del tractament de les dades personals recollides a trav\u00e9s d\u2019aquest lloc web \u00e9s: Empresa: La Taverna d\u2019en Griv\u00e9, SL NIF: B62628680 Adre\u00e7a: C\/ Josep Ma. de Segarra, 98, 08402 [&hellip;]","og_url":"https:\/\/tavernagrive.cat\/es\/politica-de-privacitat\/","og_site_name":"La Taverna d&#039;en Griv\u00e9","article_modified_time":"2026-02-06T08:34:07+00:00","twitter_card":"summary_large_image","twitter_misc":{"Tiempo de lectura":"2 minutos"},"schema":{"@context":"https:\/\/schema.org","@graph":[{"@type":"WebPage","@id":"https:\/\/tavernagrive.cat\/politica-de-privacitat\/","url":"https:\/\/tavernagrive.cat\/politica-de-privacitat\/","name":"Pol\u00edtica de privacitat - La Taverna d&#039;en Griv\u00e9","isPartOf":{"@id":"https:\/\/tavernagrive.cat\/#website"},"datePublished":"2026-01-14T08:48:41+00:00","dateModified":"2026-02-06T08:34:07+00:00","breadcrumb":{"@id":"https:\/\/tavernagrive.cat\/politica-de-privacitat\/#breadcrumb"},"inLanguage":"es","potentialAction":[{"@type":"ReadAction","target":["https:\/\/tavernagrive.cat\/politica-de-privacitat\/"]}]},{"@type":"BreadcrumbList","@id":"https:\/\/tavernagrive.cat\/politica-de-privacitat\/#breadcrumb","itemListElement":[{"@type":"ListItem","position":1,"name":"Portada","item":"https:\/\/tavernagrive.cat\/"},{"@type":"ListItem","position":2,"name":"Pol\u00edtica de privacitat"}]},{"@type":"WebSite","@id":"https:\/\/tavernagrive.cat\/#website","url":"https:\/\/tavernagrive.cat\/","name":"La Taberna de Griv\u00e9","description":"Cuina de temporada, proximitat i passi\u00f3 a Granollers","potentialAction":[{"@type":"SearchAction","target":{"@type":"EntryPoint","urlTemplate":"https:\/\/tavernagrive.cat\/?s={search_term_string}"},"query-input":{"@type":"PropertyValueSpecification","valueRequired":true,"valueName":"search_term_string"}}],"inLanguage":"es"}]}},"_links":{"self":[{"href":"https:\/\/tavernagrive.cat\/es\/wp-json\/wp\/v2\/pages\/570","targetHints":{"allow":["GET"]}}],"collection":[{"href":"https:\/\/tavernagrive.cat\/es\/wp-json\/wp\/v2\/pages"}],"about":[{"href":"https:\/\/tavernagrive.cat\/es\/wp-json\/wp\/v2\/types\/page"}],"author":[{"embeddable":true,"href":"https:\/\/tavernagrive.cat\/es\/wp-json\/wp\/v2\/users\/2"}],"replies":[{"embeddable":true,"href":"https:\/\/tavernagrive.cat\/es\/wp-json\/wp\/v2\/comments?post=570"}],"version-history":[{"count":10,"href":"https:\/\/tavernagrive.cat\/es\/wp-json\/wp\/v2\/pages\/570\/revisions"}],"predecessor-version":[{"id":885,"href":"https:\/\/tavernagrive.cat\/es\/wp-json\/wp\/v2\/pages\/570\/revisions\/885"}],"wp:attachment":[{"href":"https:\/\/tavernagrive.cat\/es\/wp-json\/wp\/v2\/media?parent=570"}],"curies":[{"name":"wp","href":"https:\/\/api.w.org\/{rel}","templated":true}]}}