{"id":573,"date":"2026-01-14T08:58:23","date_gmt":"2026-01-14T08:58:23","guid":{"rendered":"http:\/\/instalacions.planetaries.cat\/?page_id=573"},"modified":"2026-02-06T08:30:20","modified_gmt":"2026-02-06T08:30:20","slug":"avis-legal","status":"publish","type":"page","link":"https:\/\/tavernagrive.cat\/es\/avis-legal\/","title":{"rendered":"Aviso legal"},"content":{"rendered":"<h2 data-start=\"2827\" data-end=\"2855\">1. Datos identificativos<\/h2>\n<p data-start=\"2856\" data-end=\"3014\">En cumplimiento de la Ley 34\/2002, de servicios de la sociedad de la informaci\u00f3n y del comercio electr\u00f3nico (LSSI-CE), se informa que este sitio web es propiedad de:<\/p>\n<ul>\n<li data-start=\"2856\" data-end=\"3014\"><strong data-start=\"3018\" data-end=\"3030\">Titular:<\/strong> La Taverna de Griv\u00e9, SL<\/li>\n<li data-start=\"2856\" data-end=\"3014\"><strong data-start=\"3061\" data-end=\"3069\">NIF:<\/strong> B62628680<\/li>\n<li data-start=\"2856\" data-end=\"3014\"><strong data-start=\"3084\" data-end=\"3095\">Direcci\u00f3n:<\/strong> C\/ Josep Ma. de Segarra, 98, 08402 \u2013 Granollers (Barcelona)<\/li>\n<li data-start=\"2856\" data-end=\"3014\"><strong data-start=\"3160\" data-end=\"3182\">Correo electr\u00f3nico:<\/strong> <a class=\"decorated-link cursor-pointer\" rel=\"noopener\" data-start=\"3183\" data-end=\"3207\">tavernagrive@movistar.es<\/a><\/li>\n<li data-start=\"2856\" data-end=\"3014\"><strong data-start=\"3212\" data-end=\"3224\">Tel\u00e9fono:<\/strong> +34 93 849 57 83<\/li>\n<li data-start=\"2856\" data-end=\"3014\"><strong data-start=\"3246\" data-end=\"3265\">Nombre del dominio: <\/strong>https:\/\/www.tavernagrive.cat\/<\/li>\n<\/ul>\n<hr data-start=\"3294\" data-end=\"3297\" \/>\n<h2 data-start=\"3299\" data-end=\"3321\">2. Condiciones de uso<\/h2>\n<p data-start=\"3322\" data-end=\"3541\">El acceso y uso de este sitio web atribuye la condici\u00f3n de usuario e implica la plena aceptaci\u00f3n de las presentes condiciones. El usuario se compromete a hacer un uso adecuado del sitio web ya no utilizarlo para actividades il\u00edcitas.<\/p>\n<hr data-start=\"3543\" data-end=\"3546\" \/>\n<h2 data-start=\"3548\" data-end=\"3591\">3. Propiedad intelectual e industrial<\/h2>\n<p data-start=\"3592\" data-end=\"3842\">Todos los contenidos del sitio web (textos, im\u00e1genes, dise\u00f1os, logotipos, c\u00f3digo fuente, etc.) son propiedad de La Taverna d&#039;en Griv\u00e9, SL o de terceros autorizados, quedando prohibida su reproducci\u00f3n, distribuci\u00f3n o modificaci\u00f3n sin autorizaci\u00f3n expresa.<\/p>\n<hr data-start=\"3844\" data-end=\"3847\" \/>\n<h2 data-start=\"3849\" data-end=\"3871\">4. Responsabilidad<\/h2>\n<p data-start=\"3872\" data-end=\"4039\">La Taverna d&#039;en Griv\u00e9, SL no se hace responsable de los errores u omisiones de los contenidos, ni de los da\u00f1os derivados del uso del sitio web, ni de posibles problemas t\u00e9cnicos.<\/p>\n<hr data-start=\"4041\" data-end=\"4044\" \/>\n<h2 data-start=\"4046\" data-end=\"4069\">5. Enlaces externos<\/h2>\n<p data-start=\"4070\" data-end=\"4243\">Este sitio web puede contener enlaces a p\u00e1ginas de terceros. La Taverna d&#039;en Griv\u00e9, SL no se responsabiliza del contenido ni de las pol\u00edticas de privacidad de estos sitios.<\/p>\n<hr data-start=\"4245\" data-end=\"4248\" \/>\n<h2 data-start=\"4250\" data-end=\"4291\">6. Legislaci\u00f3n aplicable y jurisdicci\u00f3n<\/h2>\n<p data-start=\"4292\" data-end=\"4465\">La relaci\u00f3n entre el usuario y el titular se regir\u00e1 por la vigente legislaci\u00f3n espa\u00f1ola. Cualquier controversia se someter\u00e1 a los juzgados y tribunales de la provincia de Barcelona.<\/p>","protected":false},"excerpt":{"rendered":"<p>1. Dades identificatives En compliment de la Llei 34\/2002, de serveis de la societat de la informaci\u00f3 i del comer\u00e7 electr\u00f2nic (LSSI-CE), s\u2019informa que aquest lloc web \u00e9s propietat de: Titular: La Taverna d\u2019en Griv\u00e9, SL NIF: B62628680 Adre\u00e7a: C\/ Josep Ma. de Segarra, 98, 08402 \u2013 Granollers (Barcelona) Correu electr\u00f2nic: tavernagrive@movistar.es Tel\u00e8fon: +34 93 [&hellip;]<\/p>\n","protected":false},"author":2,"featured_media":0,"parent":0,"menu_order":0,"comment_status":"closed","ping_status":"closed","template":"page-legal.php","meta":{"_acf_changed":false,"footnotes":""},"class_list":["post-573","page","type-page","status-publish","hentry"],"acf":[],"yoast_head":"<!-- This site is optimized with the Yoast SEO plugin v27.6 - https:\/\/yoast.com\/product\/yoast-seo-wordpress\/ -->\n<title>Av\u00eds legal - La Taverna d&#039;en Griv\u00e9<\/title>\n<meta name=\"robots\" content=\"index, follow, max-snippet:-1, max-image-preview:large, max-video-preview:-1\" \/>\n<link rel=\"canonical\" href=\"https:\/\/tavernagrive.cat\/es\/avis-legal\/\" \/>\n<meta property=\"og:locale\" content=\"es_ES\" \/>\n<meta property=\"og:type\" content=\"article\" \/>\n<meta property=\"og:title\" content=\"Av\u00eds legal - La Taverna d&#039;en Griv\u00e9\" \/>\n<meta property=\"og:description\" content=\"1. Dades identificatives En compliment de la Llei 34\/2002, de serveis de la societat de la informaci\u00f3 i del comer\u00e7 electr\u00f2nic (LSSI-CE), s\u2019informa que aquest lloc web \u00e9s propietat de: Titular: La Taverna d\u2019en Griv\u00e9, SL NIF: B62628680 Adre\u00e7a: C\/ Josep Ma. de Segarra, 98, 08402 \u2013 Granollers (Barcelona) Correu electr\u00f2nic: tavernagrive@movistar.es Tel\u00e8fon: +34 93 [&hellip;]\" \/>\n<meta property=\"og:url\" content=\"https:\/\/tavernagrive.cat\/es\/avis-legal\/\" \/>\n<meta property=\"og:site_name\" content=\"La Taverna d&#039;en Griv\u00e9\" \/>\n<meta property=\"article:modified_time\" content=\"2026-02-06T08:30:20+00:00\" \/>\n<meta name=\"twitter:card\" content=\"summary_large_image\" \/>\n<meta name=\"twitter:label1\" content=\"Tiempo de lectura\" \/>\n\t<meta name=\"twitter:data1\" content=\"2 minutos\" \/>\n<script type=\"application\/ld+json\" class=\"yoast-schema-graph\">{\"@context\":\"https:\\\/\\\/schema.org\",\"@graph\":[{\"@type\":\"WebPage\",\"@id\":\"https:\\\/\\\/tavernagrive.cat\\\/avis-legal\\\/\",\"url\":\"https:\\\/\\\/tavernagrive.cat\\\/avis-legal\\\/\",\"name\":\"Av\u00eds legal - La Taverna d&#039;en Griv\u00e9\",\"isPartOf\":{\"@id\":\"https:\\\/\\\/tavernagrive.cat\\\/#website\"},\"datePublished\":\"2026-01-14T08:58:23+00:00\",\"dateModified\":\"2026-02-06T08:30:20+00:00\",\"breadcrumb\":{\"@id\":\"https:\\\/\\\/tavernagrive.cat\\\/avis-legal\\\/#breadcrumb\"},\"inLanguage\":\"es\",\"potentialAction\":[{\"@type\":\"ReadAction\",\"target\":[\"https:\\\/\\\/tavernagrive.cat\\\/avis-legal\\\/\"]}]},{\"@type\":\"BreadcrumbList\",\"@id\":\"https:\\\/\\\/tavernagrive.cat\\\/avis-legal\\\/#breadcrumb\",\"itemListElement\":[{\"@type\":\"ListItem\",\"position\":1,\"name\":\"Portada\",\"item\":\"https:\\\/\\\/tavernagrive.cat\\\/\"},{\"@type\":\"ListItem\",\"position\":2,\"name\":\"Av\u00eds legal\"}]},{\"@type\":\"WebSite\",\"@id\":\"https:\\\/\\\/tavernagrive.cat\\\/#website\",\"url\":\"https:\\\/\\\/tavernagrive.cat\\\/\",\"name\":\"La Taverna d&#039;en Griv\u00e9\",\"description\":\"Cuina de temporada, proximitat i passi\u00f3 a Granollers\",\"potentialAction\":[{\"@type\":\"SearchAction\",\"target\":{\"@type\":\"EntryPoint\",\"urlTemplate\":\"https:\\\/\\\/tavernagrive.cat\\\/?s={search_term_string}\"},\"query-input\":{\"@type\":\"PropertyValueSpecification\",\"valueRequired\":true,\"valueName\":\"search_term_string\"}}],\"inLanguage\":\"es\"}]}<\/script>\n<!-- \/ Yoast SEO plugin. -->","yoast_head_json":{"title":"Av\u00eds legal - La Taverna d&#039;en Griv\u00e9","robots":{"index":"index","follow":"follow","max-snippet":"max-snippet:-1","max-image-preview":"max-image-preview:large","max-video-preview":"max-video-preview:-1"},"canonical":"https:\/\/tavernagrive.cat\/es\/avis-legal\/","og_locale":"es_ES","og_type":"article","og_title":"Av\u00eds legal - La Taverna d&#039;en Griv\u00e9","og_description":"1. Dades identificatives En compliment de la Llei 34\/2002, de serveis de la societat de la informaci\u00f3 i del comer\u00e7 electr\u00f2nic (LSSI-CE), s\u2019informa que aquest lloc web \u00e9s propietat de: Titular: La Taverna d\u2019en Griv\u00e9, SL NIF: B62628680 Adre\u00e7a: C\/ Josep Ma. de Segarra, 98, 08402 \u2013 Granollers (Barcelona) Correu electr\u00f2nic: tavernagrive@movistar.es Tel\u00e8fon: +34 93 [&hellip;]","og_url":"https:\/\/tavernagrive.cat\/es\/avis-legal\/","og_site_name":"La Taverna d&#039;en Griv\u00e9","article_modified_time":"2026-02-06T08:30:20+00:00","twitter_card":"summary_large_image","twitter_misc":{"Tiempo de lectura":"2 minutos"},"schema":{"@context":"https:\/\/schema.org","@graph":[{"@type":"WebPage","@id":"https:\/\/tavernagrive.cat\/avis-legal\/","url":"https:\/\/tavernagrive.cat\/avis-legal\/","name":"Av\u00eds legal - La Taverna d&#039;en Griv\u00e9","isPartOf":{"@id":"https:\/\/tavernagrive.cat\/#website"},"datePublished":"2026-01-14T08:58:23+00:00","dateModified":"2026-02-06T08:30:20+00:00","breadcrumb":{"@id":"https:\/\/tavernagrive.cat\/avis-legal\/#breadcrumb"},"inLanguage":"es","potentialAction":[{"@type":"ReadAction","target":["https:\/\/tavernagrive.cat\/avis-legal\/"]}]},{"@type":"BreadcrumbList","@id":"https:\/\/tavernagrive.cat\/avis-legal\/#breadcrumb","itemListElement":[{"@type":"ListItem","position":1,"name":"Portada","item":"https:\/\/tavernagrive.cat\/"},{"@type":"ListItem","position":2,"name":"Av\u00eds legal"}]},{"@type":"WebSite","@id":"https:\/\/tavernagrive.cat\/#website","url":"https:\/\/tavernagrive.cat\/","name":"La Taberna de Griv\u00e9","description":"Cuina de temporada, proximitat i passi\u00f3 a Granollers","potentialAction":[{"@type":"SearchAction","target":{"@type":"EntryPoint","urlTemplate":"https:\/\/tavernagrive.cat\/?s={search_term_string}"},"query-input":{"@type":"PropertyValueSpecification","valueRequired":true,"valueName":"search_term_string"}}],"inLanguage":"es"}]}},"_links":{"self":[{"href":"https:\/\/tavernagrive.cat\/es\/wp-json\/wp\/v2\/pages\/573","targetHints":{"allow":["GET"]}}],"collection":[{"href":"https:\/\/tavernagrive.cat\/es\/wp-json\/wp\/v2\/pages"}],"about":[{"href":"https:\/\/tavernagrive.cat\/es\/wp-json\/wp\/v2\/types\/page"}],"author":[{"embeddable":true,"href":"https:\/\/tavernagrive.cat\/es\/wp-json\/wp\/v2\/users\/2"}],"replies":[{"embeddable":true,"href":"https:\/\/tavernagrive.cat\/es\/wp-json\/wp\/v2\/comments?post=573"}],"version-history":[{"count":10,"href":"https:\/\/tavernagrive.cat\/es\/wp-json\/wp\/v2\/pages\/573\/revisions"}],"predecessor-version":[{"id":883,"href":"https:\/\/tavernagrive.cat\/es\/wp-json\/wp\/v2\/pages\/573\/revisions\/883"}],"wp:attachment":[{"href":"https:\/\/tavernagrive.cat\/es\/wp-json\/wp\/v2\/media?parent=573"}],"curies":[{"name":"wp","href":"https:\/\/api.w.org\/{rel}","templated":true}]}}